{"id":2,"date":"2024-08-23T17:20:52","date_gmt":"2024-08-23T14:20:52","guid":{"rendered":"https:\/\/sanliaydinlatma.com.tr\/en\/?page_id=2"},"modified":"2024-08-23T17:20:52","modified_gmt":"2024-08-23T14:20:52","slug":"ornek-sayfa","status":"publish","type":"page","link":"https:\/\/sanliaydinlatma.com.tr\/en\/ornek-sayfa\/","title":{"rendered":"\u00d6rnek sayfa"},"content":{"rendered":"<p>Bu bir \u00f6rnek sayfad\u0131r. Bir blog yaz\u0131s\u0131ndan farkl\u0131d\u0131r \u00e7\u00fcnk\u00fc belirli bir yerde sabit olarak kal\u0131r ve teman\u0131z\u0131n gezinme men\u00fcs\u00fcnde g\u00f6r\u00fcnt\u00fclenir (\u00e7o\u011fu tema destekler). Bir \u00e7ok insan potansiyel ziyaret\u00e7ilerini kar\u015f\u0131lamak i\u00e7in bir Hakk\u0131nda sayfas\u0131 kullan\u0131r. \u015euna benzeyen bir \u015fey olabilir:<\/p><blockquote class=\"wp-block-quote is-layout-flow wp-block-quote-is-layout-flow\"><p>Merhaba! G\u00fcnd\u00fczleri bisikletli kurye, geceleri ise hevesli bir akt\u00f6r\u00fcm, buras\u0131 da benim sitem. \u0130stanbul&#8217;da ya\u015f\u0131yorum, B\u0131d\u0131k isminde harika bir k\u00f6pe\u011fim var ve pi&#241;a colada i\u00e7meyi seviyorum. (Ve ya\u011fmura yakalanmay\u0131.)<\/p><\/blockquote><p>\u2026ya da bunun gibi bir \u015feyler:<\/p><blockquote class=\"wp-block-quote is-layout-flow wp-block-quote-is-layout-flow\"><p>XYZ firmas\u0131 1971 y\u0131l\u0131nda kurulmu\u015ftur ve kuruldu\u011fundan bu yana kaliteli \u015feyler \u00fcretmektedir. Gotham \u015fehrinde konu\u015flanm\u0131\u015f olan XYZ firmas\u0131 2.000 \u00fczerinde \u00e7al\u0131\u015fan\u0131 ile Gotham \u015fehri i\u00e7in her \u015feyin en iyisini yapmaya \u00e7al\u0131\u015fmaktad\u0131r.<\/p><\/blockquote><p>Yeni bir WordPress kullan\u0131c\u0131s\u0131 olarak \u00f6ncelikle <a href=\"https:\/\/sanliaydinlatma.com.tr\/en\/wp-admin\/\">Ba\u015flang\u0131\u00e7 ekran\u0131na<\/a> gidip bu sayfay\u0131 silerek kendi sayfalar\u0131n\u0131z\u0131 olu\u015fturmal\u0131s\u0131n\u0131z. \u0130yi e\u011flenceler!<\/p>","protected":false},"excerpt":{"rendered":"<p>Bu bir \u00f6rnek sayfad\u0131r. Bir blog yaz\u0131s\u0131ndan farkl\u0131d\u0131r \u00e7\u00fcnk\u00fc belirli bir yerde sabit olarak kal\u0131r ve teman\u0131z\u0131n gezinme men\u00fcs\u00fcnde g\u00f6r\u00fcnt\u00fclenir (\u00e7o\u011fu tema destekler). Bir \u00e7ok insan potansiyel ziyaret\u00e7ilerini kar\u015f\u0131lamak i\u00e7in bir Hakk\u0131nda sayfas\u0131 kullan\u0131r. \u015euna benzeyen bir \u015fey olabilir: Merhaba! G\u00fcnd\u00fczleri bisikletli kurye, geceleri ise hevesli bir akt\u00f6r\u00fcm, buras\u0131 da benim sitem. \u0130stanbul&#8217;da ya\u015f\u0131yorum, B\u0131d\u0131k [&hellip;]<\/p>\n","protected":false},"author":1,"featured_media":0,"parent":0,"menu_order":0,"comment_status":"closed","ping_status":"open","template":"","meta":{"ocean_post_layout":"","ocean_both_sidebars_style":"","ocean_both_sidebars_content_width":0,"ocean_both_sidebars_sidebars_width":0,"ocean_sidebar":"","ocean_second_sidebar":"","ocean_disable_margins":"enable","ocean_add_body_class":"","ocean_shortcode_before_top_bar":"","ocean_shortcode_after_top_bar":"","ocean_shortcode_before_header":"","ocean_shortcode_after_header":"","ocean_has_shortcode":"","ocean_shortcode_after_title":"","ocean_shortcode_before_footer_widgets":"","ocean_shortcode_after_footer_widgets":"","ocean_shortcode_before_footer_bottom":"","ocean_shortcode_after_footer_bottom":"","ocean_display_top_bar":"default","ocean_display_header":"default","ocean_header_style":"","ocean_center_header_left_menu":"","ocean_custom_header_template":"","ocean_custom_logo":0,"ocean_custom_retina_logo":0,"ocean_custom_logo_max_width":0,"ocean_custom_logo_tablet_max_width":0,"ocean_custom_logo_mobile_max_width":0,"ocean_custom_logo_max_height":0,"ocean_custom_logo_tablet_max_height":0,"ocean_custom_logo_mobile_max_height":0,"ocean_header_custom_menu":"","ocean_menu_typo_font_family":"","ocean_menu_typo_font_subset":"","ocean_menu_typo_font_size":0,"ocean_menu_typo_font_size_tablet":0,"ocean_menu_typo_font_size_mobile":0,"ocean_menu_typo_font_size_unit":"px","ocean_menu_typo_font_weight":"","ocean_menu_typo_font_weight_tablet":"","ocean_menu_typo_font_weight_mobile":"","ocean_menu_typo_transform":"","ocean_menu_typo_transform_tablet":"","ocean_menu_typo_transform_mobile":"","ocean_menu_typo_line_height":0,"ocean_menu_typo_line_height_tablet":0,"ocean_menu_typo_line_height_mobile":0,"ocean_menu_typo_line_height_unit":"","ocean_menu_typo_spacing":0,"ocean_menu_typo_spacing_tablet":0,"ocean_menu_typo_spacing_mobile":0,"ocean_menu_typo_spacing_unit":"","ocean_menu_link_color":"","ocean_menu_link_color_hover":"","ocean_menu_link_color_active":"","ocean_menu_link_background":"","ocean_menu_link_hover_background":"","ocean_menu_link_active_background":"","ocean_menu_social_links_bg":"","ocean_menu_social_hover_links_bg":"","ocean_menu_social_links_color":"","ocean_menu_social_hover_links_color":"","ocean_disable_title":"default","ocean_disable_heading":"default","ocean_post_title":"","ocean_post_subheading":"","ocean_post_title_style":"","ocean_post_title_background_color":"","ocean_post_title_background":0,"ocean_post_title_bg_image_position":"","ocean_post_title_bg_image_attachment":"","ocean_post_title_bg_image_repeat":"","ocean_post_title_bg_image_size":"","ocean_post_title_height":0,"ocean_post_title_bg_overlay":0.5,"ocean_post_title_bg_overlay_color":"","ocean_disable_breadcrumbs":"default","ocean_breadcrumbs_color":"","ocean_breadcrumbs_separator_color":"","ocean_breadcrumbs_links_color":"","ocean_breadcrumbs_links_hover_color":"","ocean_display_footer_widgets":"default","ocean_display_footer_bottom":"default","ocean_custom_footer_template":"","footnotes":""},"class_list":["post-2","page","type-page","status-publish","hentry","entry","owp-thumbs-layout-horizontal","owp-btn-normal","owp-tabs-layout-horizontal","has-no-thumbnails","has-product-nav"],"yoast_head":"<!-- This site is optimized with the Yoast SEO plugin v24.9 - https:\/\/yoast.com\/wordpress\/plugins\/seo\/ -->\n<title>\u00d6rnek sayfa - Sanli Aydinlatma En |<\/title>\n<meta name=\"robots\" content=\"index, follow, max-snippet:-1, max-image-preview:large, max-video-preview:-1\" \/>\n<link rel=\"canonical\" href=\"https:\/\/sanliaydinlatma.com.tr\/en\/ornek-sayfa\/\" \/>\n<meta property=\"og:locale\" content=\"en_US\" \/>\n<meta property=\"og:type\" content=\"article\" \/>\n<meta property=\"og:title\" content=\"\u00d6rnek sayfa - Sanli Aydinlatma En |\" \/>\n<meta property=\"og:description\" content=\"Bu bir \u00f6rnek sayfad\u0131r. Bir blog yaz\u0131s\u0131ndan farkl\u0131d\u0131r \u00e7\u00fcnk\u00fc belirli bir yerde sabit olarak kal\u0131r ve teman\u0131z\u0131n gezinme men\u00fcs\u00fcnde g\u00f6r\u00fcnt\u00fclenir (\u00e7o\u011fu tema destekler). Bir \u00e7ok insan potansiyel ziyaret\u00e7ilerini kar\u015f\u0131lamak i\u00e7in bir Hakk\u0131nda sayfas\u0131 kullan\u0131r. \u015euna benzeyen bir \u015fey olabilir: Merhaba! G\u00fcnd\u00fczleri bisikletli kurye, geceleri ise hevesli bir akt\u00f6r\u00fcm, buras\u0131 da benim sitem. \u0130stanbul&#8217;da ya\u015f\u0131yorum, B\u0131d\u0131k [&hellip;]\" \/>\n<meta property=\"og:url\" content=\"https:\/\/sanliaydinlatma.com.tr\/en\/ornek-sayfa\/\" \/>\n<meta property=\"og:site_name\" content=\"Sanli Aydinlatma En |\" \/>\n<meta name=\"twitter:card\" content=\"summary_large_image\" \/>\n<meta name=\"twitter:label1\" content=\"Est. reading time\" \/>\n\t<meta name=\"twitter:data1\" content=\"1 minute\" \/>\n<script type=\"application\/ld+json\" class=\"yoast-schema-graph\">{\"@context\":\"https:\/\/schema.org\",\"@graph\":[{\"@type\":\"WebPage\",\"@id\":\"https:\/\/sanliaydinlatma.com.tr\/en\/ornek-sayfa\/\",\"url\":\"https:\/\/sanliaydinlatma.com.tr\/en\/ornek-sayfa\/\",\"name\":\"\u00d6rnek sayfa - Sanli Aydinlatma En |\",\"isPartOf\":{\"@id\":\"https:\/\/sanliaydinlatma.com.tr\/en\/#website\"},\"datePublished\":\"2024-08-23T14:20:52+00:00\",\"breadcrumb\":{\"@id\":\"https:\/\/sanliaydinlatma.com.tr\/en\/ornek-sayfa\/#breadcrumb\"},\"inLanguage\":\"en-US\",\"potentialAction\":[{\"@type\":\"ReadAction\",\"target\":[\"https:\/\/sanliaydinlatma.com.tr\/en\/ornek-sayfa\/\"]}]},{\"@type\":\"BreadcrumbList\",\"@id\":\"https:\/\/sanliaydinlatma.com.tr\/en\/ornek-sayfa\/#breadcrumb\",\"itemListElement\":[{\"@type\":\"ListItem\",\"position\":1,\"name\":\"Anasayfa\",\"item\":\"https:\/\/sanliaydinlatma.com.tr\/en\/\"},{\"@type\":\"ListItem\",\"position\":2,\"name\":\"\u00d6rnek sayfa\"}]},{\"@type\":\"WebSite\",\"@id\":\"https:\/\/sanliaydinlatma.com.tr\/en\/#website\",\"url\":\"https:\/\/sanliaydinlatma.com.tr\/en\/\",\"name\":\"Sanli Aydinlatma En |\",\"description\":\"Turkey&#039;s Leading Lighting Products Supplier\",\"publisher\":{\"@id\":\"https:\/\/sanliaydinlatma.com.tr\/en\/#organization\"},\"potentialAction\":[{\"@type\":\"SearchAction\",\"target\":{\"@type\":\"EntryPoint\",\"urlTemplate\":\"https:\/\/sanliaydinlatma.com.tr\/en\/?s={search_term_string}\"},\"query-input\":{\"@type\":\"PropertyValueSpecification\",\"valueRequired\":true,\"valueName\":\"search_term_string\"}}],\"inLanguage\":\"en-US\"},{\"@type\":\"Organization\",\"@id\":\"https:\/\/sanliaydinlatma.com.tr\/en\/#organization\",\"name\":\"Sanli Aydinlatma En |\",\"url\":\"https:\/\/sanliaydinlatma.com.tr\/en\/\",\"logo\":{\"@type\":\"ImageObject\",\"inLanguage\":\"en-US\",\"@id\":\"https:\/\/sanliaydinlatma.com.tr\/en\/#\/schema\/logo\/image\/\",\"url\":\"https:\/\/sanliaydinlatma.com.tr\/en\/wp-content\/uploads\/sites\/2\/2024\/09\/cropped-logo-yatay.jpg\",\"contentUrl\":\"https:\/\/sanliaydinlatma.com.tr\/en\/wp-content\/uploads\/sites\/2\/2024\/09\/cropped-logo-yatay.jpg\",\"width\":1000,\"height\":185,\"caption\":\"Sanli Aydinlatma En |\"},\"image\":{\"@id\":\"https:\/\/sanliaydinlatma.com.tr\/en\/#\/schema\/logo\/image\/\"}}]}<\/script>\n<!-- \/ Yoast SEO plugin. -->","yoast_head_json":{"title":"\u00d6rnek sayfa - Sanli Aydinlatma En |","robots":{"index":"index","follow":"follow","max-snippet":"max-snippet:-1","max-image-preview":"max-image-preview:large","max-video-preview":"max-video-preview:-1"},"canonical":"https:\/\/sanliaydinlatma.com.tr\/en\/ornek-sayfa\/","og_locale":"en_US","og_type":"article","og_title":"\u00d6rnek sayfa - Sanli Aydinlatma En |","og_description":"Bu bir \u00f6rnek sayfad\u0131r. Bir blog yaz\u0131s\u0131ndan farkl\u0131d\u0131r \u00e7\u00fcnk\u00fc belirli bir yerde sabit olarak kal\u0131r ve teman\u0131z\u0131n gezinme men\u00fcs\u00fcnde g\u00f6r\u00fcnt\u00fclenir (\u00e7o\u011fu tema destekler). Bir \u00e7ok insan potansiyel ziyaret\u00e7ilerini kar\u015f\u0131lamak i\u00e7in bir Hakk\u0131nda sayfas\u0131 kullan\u0131r. \u015euna benzeyen bir \u015fey olabilir: Merhaba! G\u00fcnd\u00fczleri bisikletli kurye, geceleri ise hevesli bir akt\u00f6r\u00fcm, buras\u0131 da benim sitem. \u0130stanbul&#8217;da ya\u015f\u0131yorum, B\u0131d\u0131k [&hellip;]","og_url":"https:\/\/sanliaydinlatma.com.tr\/en\/ornek-sayfa\/","og_site_name":"Sanli Aydinlatma En |","twitter_card":"summary_large_image","twitter_misc":{"Est. reading time":"1 minute"},"schema":{"@context":"https:\/\/schema.org","@graph":[{"@type":"WebPage","@id":"https:\/\/sanliaydinlatma.com.tr\/en\/ornek-sayfa\/","url":"https:\/\/sanliaydinlatma.com.tr\/en\/ornek-sayfa\/","name":"\u00d6rnek sayfa - Sanli Aydinlatma En |","isPartOf":{"@id":"https:\/\/sanliaydinlatma.com.tr\/en\/#website"},"datePublished":"2024-08-23T14:20:52+00:00","breadcrumb":{"@id":"https:\/\/sanliaydinlatma.com.tr\/en\/ornek-sayfa\/#breadcrumb"},"inLanguage":"en-US","potentialAction":[{"@type":"ReadAction","target":["https:\/\/sanliaydinlatma.com.tr\/en\/ornek-sayfa\/"]}]},{"@type":"BreadcrumbList","@id":"https:\/\/sanliaydinlatma.com.tr\/en\/ornek-sayfa\/#breadcrumb","itemListElement":[{"@type":"ListItem","position":1,"name":"Anasayfa","item":"https:\/\/sanliaydinlatma.com.tr\/en\/"},{"@type":"ListItem","position":2,"name":"\u00d6rnek sayfa"}]},{"@type":"WebSite","@id":"https:\/\/sanliaydinlatma.com.tr\/en\/#website","url":"https:\/\/sanliaydinlatma.com.tr\/en\/","name":"Sanli Aydinlatma En |","description":"Turkey&#039;s Leading Lighting Products Supplier","publisher":{"@id":"https:\/\/sanliaydinlatma.com.tr\/en\/#organization"},"potentialAction":[{"@type":"SearchAction","target":{"@type":"EntryPoint","urlTemplate":"https:\/\/sanliaydinlatma.com.tr\/en\/?s={search_term_string}"},"query-input":{"@type":"PropertyValueSpecification","valueRequired":true,"valueName":"search_term_string"}}],"inLanguage":"en-US"},{"@type":"Organization","@id":"https:\/\/sanliaydinlatma.com.tr\/en\/#organization","name":"Sanli Aydinlatma En |","url":"https:\/\/sanliaydinlatma.com.tr\/en\/","logo":{"@type":"ImageObject","inLanguage":"en-US","@id":"https:\/\/sanliaydinlatma.com.tr\/en\/#\/schema\/logo\/image\/","url":"https:\/\/sanliaydinlatma.com.tr\/en\/wp-content\/uploads\/sites\/2\/2024\/09\/cropped-logo-yatay.jpg","contentUrl":"https:\/\/sanliaydinlatma.com.tr\/en\/wp-content\/uploads\/sites\/2\/2024\/09\/cropped-logo-yatay.jpg","width":1000,"height":185,"caption":"Sanli Aydinlatma En |"},"image":{"@id":"https:\/\/sanliaydinlatma.com.tr\/en\/#\/schema\/logo\/image\/"}}]}},"_links":{"self":[{"href":"https:\/\/sanliaydinlatma.com.tr\/en\/wp-json\/wp\/v2\/pages\/2"}],"collection":[{"href":"https:\/\/sanliaydinlatma.com.tr\/en\/wp-json\/wp\/v2\/pages"}],"about":[{"href":"https:\/\/sanliaydinlatma.com.tr\/en\/wp-json\/wp\/v2\/types\/page"}],"author":[{"embeddable":true,"href":"https:\/\/sanliaydinlatma.com.tr\/en\/wp-json\/wp\/v2\/users\/1"}],"replies":[{"embeddable":true,"href":"https:\/\/sanliaydinlatma.com.tr\/en\/wp-json\/wp\/v2\/comments?post=2"}],"version-history":[{"count":0,"href":"https:\/\/sanliaydinlatma.com.tr\/en\/wp-json\/wp\/v2\/pages\/2\/revisions"}],"wp:attachment":[{"href":"https:\/\/sanliaydinlatma.com.tr\/en\/wp-json\/wp\/v2\/media?parent=2"}],"curies":[{"name":"wp","href":"https:\/\/api.w.org\/{rel}","templated":true}]}}