{"id":43,"date":"2024-09-02T16:26:28","date_gmt":"2024-09-02T13:26:28","guid":{"rendered":"https:\/\/sanliaydinlatma.com.tr\/en\/?page_id=43"},"modified":"2026-02-18T18:49:29","modified_gmt":"2026-02-18T15:49:29","slug":"about-us","status":"publish","type":"page","link":"https:\/\/sanliaydinlatma.com.tr\/en\/about-us\/","title":{"rendered":"About Us"},"content":{"rendered":"<h2 class=\"wp-block-heading has-text-align-center\">About Us<\/h2><figure class=\"wp-block-image size-large\"><img fetchpriority=\"high\" decoding=\"async\" class=\"alignnone wp-image-202841 size-full\" src=\"https:\/\/sanliaydinlatma.com.tr\/en\/wp-content\/uploads\/sites\/2\/2026\/02\/bayrakli-map.jpg\" alt=\"\" width=\"1920\" height=\"1080\" srcset=\"https:\/\/sanliaydinlatma.com.tr\/en\/wp-content\/uploads\/sites\/2\/2026\/02\/bayrakli-map.jpg 1920w, https:\/\/sanliaydinlatma.com.tr\/en\/wp-content\/uploads\/sites\/2\/2026\/02\/bayrakli-map-300x169.jpg 300w, https:\/\/sanliaydinlatma.com.tr\/en\/wp-content\/uploads\/sites\/2\/2026\/02\/bayrakli-map-1024x576.jpg 1024w, https:\/\/sanliaydinlatma.com.tr\/en\/wp-content\/uploads\/sites\/2\/2026\/02\/bayrakli-map-768x432.jpg 768w, https:\/\/sanliaydinlatma.com.tr\/en\/wp-content\/uploads\/sites\/2\/2026\/02\/bayrakli-map-1536x864.jpg 1536w, https:\/\/sanliaydinlatma.com.tr\/en\/wp-content\/uploads\/sites\/2\/2026\/02\/bayrakli-map-800x450.jpg 800w, https:\/\/sanliaydinlatma.com.tr\/en\/wp-content\/uploads\/sites\/2\/2026\/02\/bayrakli-map-600x338.jpg 600w\" sizes=\"(max-width: 1920px) 100vw, 1920px\" \/><\/figure><p class=\"has-text-align-center\">Founded in 1982 by \u015e\u00fckr\u00fc AKBULUT, our company entered the plastic industry as a manufacturing company. In a short time, it started to operate in the lighting sector.<\/p><p class=\"has-text-align-center\">Our company, which started to manufacture plastic lanterns and globes in the lighting sector, is now among the leading companies in the lighting sector with a product range of nearly a thousand.<\/p><p class=\"has-text-align-center\">Our company, which has a dealership system in 81 provinces in T\u00fcrkiye, also has representatives in 15 countries abroad.<\/p><p class=\"has-text-align-center\">Our main product groups are garden lighting, street lighting poles, plastic and injection lighting fixtures.<\/p><p>&nbsp;<\/p>","protected":false},"excerpt":{"rendered":"<p>About Us Founded in 1982 by \u015e\u00fckr\u00fc AKBULUT, our company entered the plastic industry as a manufacturing company. In a short time, it started to operate in the lighting sector. Our company, which started to manufacture plastic lanterns and globes in the lighting sector, is now among the leading companies in the lighting sector with [&hellip;]<\/p>\n","protected":false},"author":1,"featured_media":0,"parent":0,"menu_order":0,"comment_status":"closed","ping_status":"closed","template":"","meta":{"ocean_post_layout":"","ocean_both_sidebars_style":"","ocean_both_sidebars_content_width":0,"ocean_both_sidebars_sidebars_width":0,"ocean_sidebar":"0","ocean_second_sidebar":"0","ocean_disable_margins":"enable","ocean_add_body_class":"","ocean_shortcode_before_top_bar":"","ocean_shortcode_after_top_bar":"","ocean_shortcode_before_header":"","ocean_shortcode_after_header":"","ocean_has_shortcode":"","ocean_shortcode_after_title":"","ocean_shortcode_before_footer_widgets":"","ocean_shortcode_after_footer_widgets":"","ocean_shortcode_before_footer_bottom":"","ocean_shortcode_after_footer_bottom":"","ocean_display_top_bar":"default","ocean_display_header":"default","ocean_header_style":"","ocean_center_header_left_menu":"0","ocean_custom_header_template":"0","ocean_custom_logo":0,"ocean_custom_retina_logo":0,"ocean_custom_logo_max_width":0,"ocean_custom_logo_tablet_max_width":0,"ocean_custom_logo_mobile_max_width":0,"ocean_custom_logo_max_height":0,"ocean_custom_logo_tablet_max_height":0,"ocean_custom_logo_mobile_max_height":0,"ocean_header_custom_menu":"0","ocean_menu_typo_font_family":"0","ocean_menu_typo_font_subset":"","ocean_menu_typo_font_size":0,"ocean_menu_typo_font_size_tablet":0,"ocean_menu_typo_font_size_mobile":0,"ocean_menu_typo_font_size_unit":"px","ocean_menu_typo_font_weight":"","ocean_menu_typo_font_weight_tablet":"","ocean_menu_typo_font_weight_mobile":"","ocean_menu_typo_transform":"","ocean_menu_typo_transform_tablet":"","ocean_menu_typo_transform_mobile":"","ocean_menu_typo_line_height":0,"ocean_menu_typo_line_height_tablet":0,"ocean_menu_typo_line_height_mobile":0,"ocean_menu_typo_line_height_unit":"","ocean_menu_typo_spacing":0,"ocean_menu_typo_spacing_tablet":0,"ocean_menu_typo_spacing_mobile":0,"ocean_menu_typo_spacing_unit":"","ocean_menu_link_color":"","ocean_menu_link_color_hover":"","ocean_menu_link_color_active":"","ocean_menu_link_background":"","ocean_menu_link_hover_background":"","ocean_menu_link_active_background":"","ocean_menu_social_links_bg":"","ocean_menu_social_hover_links_bg":"","ocean_menu_social_links_color":"","ocean_menu_social_hover_links_color":"","ocean_disable_title":"default","ocean_disable_heading":"default","ocean_post_title":"","ocean_post_subheading":"","ocean_post_title_style":"","ocean_post_title_background_color":"","ocean_post_title_background":0,"ocean_post_title_bg_image_position":"","ocean_post_title_bg_image_attachment":"","ocean_post_title_bg_image_repeat":"","ocean_post_title_bg_image_size":"","ocean_post_title_height":0,"ocean_post_title_bg_overlay":0.5,"ocean_post_title_bg_overlay_color":"","ocean_disable_breadcrumbs":"default","ocean_breadcrumbs_color":"","ocean_breadcrumbs_separator_color":"","ocean_breadcrumbs_links_color":"","ocean_breadcrumbs_links_hover_color":"","ocean_display_footer_widgets":"default","ocean_display_footer_bottom":"default","ocean_custom_footer_template":"0","footnotes":""},"class_list":["post-43","page","type-page","status-publish","hentry","entry","owp-thumbs-layout-horizontal","owp-btn-normal","owp-tabs-layout-horizontal","has-no-thumbnails","has-product-nav"],"yoast_head":"<!-- This site is optimized with the Yoast SEO plugin v24.9 - https:\/\/yoast.com\/wordpress\/plugins\/seo\/ -->\n<title>About Us - Sanli Aydinlatma En |<\/title>\n<meta name=\"robots\" content=\"index, follow, max-snippet:-1, max-image-preview:large, max-video-preview:-1\" \/>\n<link rel=\"canonical\" href=\"https:\/\/sanliaydinlatma.com.tr\/en\/about-us\/\" \/>\n<meta property=\"og:locale\" content=\"en_US\" \/>\n<meta property=\"og:type\" content=\"article\" \/>\n<meta property=\"og:title\" content=\"About Us - Sanli Aydinlatma En |\" \/>\n<meta property=\"og:description\" content=\"About Us Founded in 1982 by \u015e\u00fckr\u00fc AKBULUT, our company entered the plastic industry as a manufacturing company. In a short time, it started to operate in the lighting sector. Our company, which started to manufacture plastic lanterns and globes in the lighting sector, is now among the leading companies in the lighting sector with [&hellip;]\" \/>\n<meta property=\"og:url\" content=\"https:\/\/sanliaydinlatma.com.tr\/en\/about-us\/\" \/>\n<meta property=\"og:site_name\" content=\"Sanli Aydinlatma En |\" \/>\n<meta property=\"article:modified_time\" content=\"2026-02-18T15:49:29+00:00\" \/>\n<meta property=\"og:image\" content=\"https:\/\/sanliaydinlatma.com.tr\/en\/wp-content\/uploads\/sites\/2\/2026\/02\/bayrakli-map.jpg\" \/>\n\t<meta property=\"og:image:width\" content=\"1920\" \/>\n\t<meta property=\"og:image:height\" content=\"1080\" \/>\n\t<meta property=\"og:image:type\" content=\"image\/jpeg\" \/>\n<meta name=\"twitter:card\" content=\"summary_large_image\" \/>\n<meta name=\"twitter:label1\" content=\"Est. reading time\" \/>\n\t<meta name=\"twitter:data1\" content=\"1 minute\" \/>\n<script type=\"application\/ld+json\" class=\"yoast-schema-graph\">{\"@context\":\"https:\/\/schema.org\",\"@graph\":[{\"@type\":\"WebPage\",\"@id\":\"https:\/\/sanliaydinlatma.com.tr\/en\/about-us\/\",\"url\":\"https:\/\/sanliaydinlatma.com.tr\/en\/about-us\/\",\"name\":\"About Us - Sanli Aydinlatma En |\",\"isPartOf\":{\"@id\":\"https:\/\/sanliaydinlatma.com.tr\/en\/#website\"},\"primaryImageOfPage\":{\"@id\":\"https:\/\/sanliaydinlatma.com.tr\/en\/about-us\/#primaryimage\"},\"image\":{\"@id\":\"https:\/\/sanliaydinlatma.com.tr\/en\/about-us\/#primaryimage\"},\"thumbnailUrl\":\"https:\/\/sanliaydinlatma.com.tr\/en\/wp-content\/uploads\/sites\/2\/2026\/02\/bayrakli-map.jpg\",\"datePublished\":\"2024-09-02T13:26:28+00:00\",\"dateModified\":\"2026-02-18T15:49:29+00:00\",\"breadcrumb\":{\"@id\":\"https:\/\/sanliaydinlatma.com.tr\/en\/about-us\/#breadcrumb\"},\"inLanguage\":\"en-US\",\"potentialAction\":[{\"@type\":\"ReadAction\",\"target\":[\"https:\/\/sanliaydinlatma.com.tr\/en\/about-us\/\"]}]},{\"@type\":\"ImageObject\",\"inLanguage\":\"en-US\",\"@id\":\"https:\/\/sanliaydinlatma.com.tr\/en\/about-us\/#primaryimage\",\"url\":\"https:\/\/sanliaydinlatma.com.tr\/en\/wp-content\/uploads\/sites\/2\/2026\/02\/bayrakli-map.jpg\",\"contentUrl\":\"https:\/\/sanliaydinlatma.com.tr\/en\/wp-content\/uploads\/sites\/2\/2026\/02\/bayrakli-map.jpg\",\"width\":1920,\"height\":1080},{\"@type\":\"BreadcrumbList\",\"@id\":\"https:\/\/sanliaydinlatma.com.tr\/en\/about-us\/#breadcrumb\",\"itemListElement\":[{\"@type\":\"ListItem\",\"position\":1,\"name\":\"Anasayfa\",\"item\":\"https:\/\/sanliaydinlatma.com.tr\/en\/\"},{\"@type\":\"ListItem\",\"position\":2,\"name\":\"About Us\"}]},{\"@type\":\"WebSite\",\"@id\":\"https:\/\/sanliaydinlatma.com.tr\/en\/#website\",\"url\":\"https:\/\/sanliaydinlatma.com.tr\/en\/\",\"name\":\"Sanli Aydinlatma En |\",\"description\":\"Turkey&#039;s Leading Lighting Products Supplier\",\"publisher\":{\"@id\":\"https:\/\/sanliaydinlatma.com.tr\/en\/#organization\"},\"potentialAction\":[{\"@type\":\"SearchAction\",\"target\":{\"@type\":\"EntryPoint\",\"urlTemplate\":\"https:\/\/sanliaydinlatma.com.tr\/en\/?s={search_term_string}\"},\"query-input\":{\"@type\":\"PropertyValueSpecification\",\"valueRequired\":true,\"valueName\":\"search_term_string\"}}],\"inLanguage\":\"en-US\"},{\"@type\":\"Organization\",\"@id\":\"https:\/\/sanliaydinlatma.com.tr\/en\/#organization\",\"name\":\"Sanli Aydinlatma En |\",\"url\":\"https:\/\/sanliaydinlatma.com.tr\/en\/\",\"logo\":{\"@type\":\"ImageObject\",\"inLanguage\":\"en-US\",\"@id\":\"https:\/\/sanliaydinlatma.com.tr\/en\/#\/schema\/logo\/image\/\",\"url\":\"https:\/\/sanliaydinlatma.com.tr\/en\/wp-content\/uploads\/sites\/2\/2024\/09\/cropped-logo-yatay.jpg\",\"contentUrl\":\"https:\/\/sanliaydinlatma.com.tr\/en\/wp-content\/uploads\/sites\/2\/2024\/09\/cropped-logo-yatay.jpg\",\"width\":1000,\"height\":185,\"caption\":\"Sanli Aydinlatma En |\"},\"image\":{\"@id\":\"https:\/\/sanliaydinlatma.com.tr\/en\/#\/schema\/logo\/image\/\"}}]}<\/script>\n<!-- \/ Yoast SEO plugin. -->","yoast_head_json":{"title":"About Us - Sanli Aydinlatma En |","robots":{"index":"index","follow":"follow","max-snippet":"max-snippet:-1","max-image-preview":"max-image-preview:large","max-video-preview":"max-video-preview:-1"},"canonical":"https:\/\/sanliaydinlatma.com.tr\/en\/about-us\/","og_locale":"en_US","og_type":"article","og_title":"About Us - Sanli Aydinlatma En |","og_description":"About Us Founded in 1982 by \u015e\u00fckr\u00fc AKBULUT, our company entered the plastic industry as a manufacturing company. In a short time, it started to operate in the lighting sector. Our company, which started to manufacture plastic lanterns and globes in the lighting sector, is now among the leading companies in the lighting sector with [&hellip;]","og_url":"https:\/\/sanliaydinlatma.com.tr\/en\/about-us\/","og_site_name":"Sanli Aydinlatma En |","article_modified_time":"2026-02-18T15:49:29+00:00","og_image":[{"width":1920,"height":1080,"url":"https:\/\/sanliaydinlatma.com.tr\/en\/wp-content\/uploads\/sites\/2\/2026\/02\/bayrakli-map.jpg","type":"image\/jpeg"}],"twitter_card":"summary_large_image","twitter_misc":{"Est. reading time":"1 minute"},"schema":{"@context":"https:\/\/schema.org","@graph":[{"@type":"WebPage","@id":"https:\/\/sanliaydinlatma.com.tr\/en\/about-us\/","url":"https:\/\/sanliaydinlatma.com.tr\/en\/about-us\/","name":"About Us - Sanli Aydinlatma En |","isPartOf":{"@id":"https:\/\/sanliaydinlatma.com.tr\/en\/#website"},"primaryImageOfPage":{"@id":"https:\/\/sanliaydinlatma.com.tr\/en\/about-us\/#primaryimage"},"image":{"@id":"https:\/\/sanliaydinlatma.com.tr\/en\/about-us\/#primaryimage"},"thumbnailUrl":"https:\/\/sanliaydinlatma.com.tr\/en\/wp-content\/uploads\/sites\/2\/2026\/02\/bayrakli-map.jpg","datePublished":"2024-09-02T13:26:28+00:00","dateModified":"2026-02-18T15:49:29+00:00","breadcrumb":{"@id":"https:\/\/sanliaydinlatma.com.tr\/en\/about-us\/#breadcrumb"},"inLanguage":"en-US","potentialAction":[{"@type":"ReadAction","target":["https:\/\/sanliaydinlatma.com.tr\/en\/about-us\/"]}]},{"@type":"ImageObject","inLanguage":"en-US","@id":"https:\/\/sanliaydinlatma.com.tr\/en\/about-us\/#primaryimage","url":"https:\/\/sanliaydinlatma.com.tr\/en\/wp-content\/uploads\/sites\/2\/2026\/02\/bayrakli-map.jpg","contentUrl":"https:\/\/sanliaydinlatma.com.tr\/en\/wp-content\/uploads\/sites\/2\/2026\/02\/bayrakli-map.jpg","width":1920,"height":1080},{"@type":"BreadcrumbList","@id":"https:\/\/sanliaydinlatma.com.tr\/en\/about-us\/#breadcrumb","itemListElement":[{"@type":"ListItem","position":1,"name":"Anasayfa","item":"https:\/\/sanliaydinlatma.com.tr\/en\/"},{"@type":"ListItem","position":2,"name":"About Us"}]},{"@type":"WebSite","@id":"https:\/\/sanliaydinlatma.com.tr\/en\/#website","url":"https:\/\/sanliaydinlatma.com.tr\/en\/","name":"Sanli Aydinlatma En |","description":"Turkey&#039;s Leading Lighting Products Supplier","publisher":{"@id":"https:\/\/sanliaydinlatma.com.tr\/en\/#organization"},"potentialAction":[{"@type":"SearchAction","target":{"@type":"EntryPoint","urlTemplate":"https:\/\/sanliaydinlatma.com.tr\/en\/?s={search_term_string}"},"query-input":{"@type":"PropertyValueSpecification","valueRequired":true,"valueName":"search_term_string"}}],"inLanguage":"en-US"},{"@type":"Organization","@id":"https:\/\/sanliaydinlatma.com.tr\/en\/#organization","name":"Sanli Aydinlatma En |","url":"https:\/\/sanliaydinlatma.com.tr\/en\/","logo":{"@type":"ImageObject","inLanguage":"en-US","@id":"https:\/\/sanliaydinlatma.com.tr\/en\/#\/schema\/logo\/image\/","url":"https:\/\/sanliaydinlatma.com.tr\/en\/wp-content\/uploads\/sites\/2\/2024\/09\/cropped-logo-yatay.jpg","contentUrl":"https:\/\/sanliaydinlatma.com.tr\/en\/wp-content\/uploads\/sites\/2\/2024\/09\/cropped-logo-yatay.jpg","width":1000,"height":185,"caption":"Sanli Aydinlatma En |"},"image":{"@id":"https:\/\/sanliaydinlatma.com.tr\/en\/#\/schema\/logo\/image\/"}}]}},"_links":{"self":[{"href":"https:\/\/sanliaydinlatma.com.tr\/en\/wp-json\/wp\/v2\/pages\/43"}],"collection":[{"href":"https:\/\/sanliaydinlatma.com.tr\/en\/wp-json\/wp\/v2\/pages"}],"about":[{"href":"https:\/\/sanliaydinlatma.com.tr\/en\/wp-json\/wp\/v2\/types\/page"}],"author":[{"embeddable":true,"href":"https:\/\/sanliaydinlatma.com.tr\/en\/wp-json\/wp\/v2\/users\/1"}],"replies":[{"embeddable":true,"href":"https:\/\/sanliaydinlatma.com.tr\/en\/wp-json\/wp\/v2\/comments?post=43"}],"version-history":[{"count":2,"href":"https:\/\/sanliaydinlatma.com.tr\/en\/wp-json\/wp\/v2\/pages\/43\/revisions"}],"predecessor-version":[{"id":202842,"href":"https:\/\/sanliaydinlatma.com.tr\/en\/wp-json\/wp\/v2\/pages\/43\/revisions\/202842"}],"wp:attachment":[{"href":"https:\/\/sanliaydinlatma.com.tr\/en\/wp-json\/wp\/v2\/media?parent=43"}],"curies":[{"name":"wp","href":"https:\/\/api.w.org\/{rel}","templated":true}]}}