{"id":47,"date":"2024-09-02T16:29:57","date_gmt":"2024-09-02T13:29:57","guid":{"rendered":"https:\/\/sanliaydinlatma.com.tr\/en\/?page_id=47"},"modified":"2024-09-02T16:29:57","modified_gmt":"2024-09-02T13:29:57","slug":"human-resources","status":"publish","type":"page","link":"https:\/\/sanliaydinlatma.com.tr\/en\/human-resources\/","title":{"rendered":"Human Resources"},"content":{"rendered":"<h2 class=\"wp-block-heading has-text-align-center\">Human Resources<\/h2><p class=\"has-text-align-center\">Employees who have the competencies required by the company&#8217;s dynamism, are willing to learn and develop, are based on efficiency and display a system-oriented approach; to bring them to our company, to contribute to their personal and professional development and to enable them to use their potential in the most efficient way.<\/p><p class=\"has-text-align-center\"><strong>MISSION<\/strong><\/p><p class=\"has-text-align-center\">In line with \u015eanl\u0131 Ayd\u0131nlatma&#8217;s strategies and goals; To implement modern human resources practices for our employees, ensure their continuity and develop them in line with the needs.<\/p><p class=\"has-text-align-center\"><strong>VISION<\/strong><\/p><p class=\"has-text-align-center\">For the continued success of \u015eanl\u0131 Ayd\u0131nlatma; To have solution-oriented human resources that add value to themselves and their business, are highly committed to the institution. With global sales and supply dealers around the world, \u015eanl\u0131 Ayd\u0131nlatma has great career opportunities in the multinational and fast-paced global trade environment. Send your application with as much detail as possible to the Human Resources Department (info@sanliaydinlatma.com.tr) for experienced and inexperienced Industrial Vocational High School and High School Graduates who are active and continuous in the machinery, assembly and shipping departments. We will evaluate each application carefully.<\/p><p class=\"has-text-align-center\">Applications made by phone will not be taken into consideration.<\/p>","protected":false},"excerpt":{"rendered":"<p>Human Resources Employees who have the competencies required by the company&#8217;s dynamism, are willing to learn and develop, are based on efficiency and display a system-oriented approach; to bring them to our company, to contribute to their personal and professional development and to enable them to use their potential in the most efficient way. MISSION [&hellip;]<\/p>\n","protected":false},"author":1,"featured_media":0,"parent":0,"menu_order":0,"comment_status":"closed","ping_status":"closed","template":"","meta":{"ocean_post_layout":"","ocean_both_sidebars_style":"","ocean_both_sidebars_content_width":0,"ocean_both_sidebars_sidebars_width":0,"ocean_sidebar":"","ocean_second_sidebar":"","ocean_disable_margins":"enable","ocean_add_body_class":"","ocean_shortcode_before_top_bar":"","ocean_shortcode_after_top_bar":"","ocean_shortcode_before_header":"","ocean_shortcode_after_header":"","ocean_has_shortcode":"","ocean_shortcode_after_title":"","ocean_shortcode_before_footer_widgets":"","ocean_shortcode_after_footer_widgets":"","ocean_shortcode_before_footer_bottom":"","ocean_shortcode_after_footer_bottom":"","ocean_display_top_bar":"default","ocean_display_header":"default","ocean_header_style":"","ocean_center_header_left_menu":"","ocean_custom_header_template":"","ocean_custom_logo":0,"ocean_custom_retina_logo":0,"ocean_custom_logo_max_width":0,"ocean_custom_logo_tablet_max_width":0,"ocean_custom_logo_mobile_max_width":0,"ocean_custom_logo_max_height":0,"ocean_custom_logo_tablet_max_height":0,"ocean_custom_logo_mobile_max_height":0,"ocean_header_custom_menu":"","ocean_menu_typo_font_family":"","ocean_menu_typo_font_subset":"","ocean_menu_typo_font_size":0,"ocean_menu_typo_font_size_tablet":0,"ocean_menu_typo_font_size_mobile":0,"ocean_menu_typo_font_size_unit":"px","ocean_menu_typo_font_weight":"","ocean_menu_typo_font_weight_tablet":"","ocean_menu_typo_font_weight_mobile":"","ocean_menu_typo_transform":"","ocean_menu_typo_transform_tablet":"","ocean_menu_typo_transform_mobile":"","ocean_menu_typo_line_height":0,"ocean_menu_typo_line_height_tablet":0,"ocean_menu_typo_line_height_mobile":0,"ocean_menu_typo_line_height_unit":"","ocean_menu_typo_spacing":0,"ocean_menu_typo_spacing_tablet":0,"ocean_menu_typo_spacing_mobile":0,"ocean_menu_typo_spacing_unit":"","ocean_menu_link_color":"","ocean_menu_link_color_hover":"","ocean_menu_link_color_active":"","ocean_menu_link_background":"","ocean_menu_link_hover_background":"","ocean_menu_link_active_background":"","ocean_menu_social_links_bg":"","ocean_menu_social_hover_links_bg":"","ocean_menu_social_links_color":"","ocean_menu_social_hover_links_color":"","ocean_disable_title":"default","ocean_disable_heading":"default","ocean_post_title":"","ocean_post_subheading":"","ocean_post_title_style":"","ocean_post_title_background_color":"","ocean_post_title_background":0,"ocean_post_title_bg_image_position":"","ocean_post_title_bg_image_attachment":"","ocean_post_title_bg_image_repeat":"","ocean_post_title_bg_image_size":"","ocean_post_title_height":0,"ocean_post_title_bg_overlay":0.5,"ocean_post_title_bg_overlay_color":"","ocean_disable_breadcrumbs":"default","ocean_breadcrumbs_color":"","ocean_breadcrumbs_separator_color":"","ocean_breadcrumbs_links_color":"","ocean_breadcrumbs_links_hover_color":"","ocean_display_footer_widgets":"default","ocean_display_footer_bottom":"default","ocean_custom_footer_template":"","footnotes":""},"class_list":["post-47","page","type-page","status-publish","hentry","entry","owp-thumbs-layout-horizontal","owp-btn-normal","owp-tabs-layout-horizontal","has-no-thumbnails","has-product-nav"],"yoast_head":"<!-- This site is optimized with the Yoast SEO plugin v24.9 - https:\/\/yoast.com\/wordpress\/plugins\/seo\/ -->\n<title>Human Resources - Sanli Aydinlatma En |<\/title>\n<meta name=\"robots\" content=\"index, follow, max-snippet:-1, max-image-preview:large, max-video-preview:-1\" \/>\n<link rel=\"canonical\" href=\"https:\/\/sanliaydinlatma.com.tr\/en\/human-resources\/\" \/>\n<meta property=\"og:locale\" content=\"en_US\" \/>\n<meta property=\"og:type\" content=\"article\" \/>\n<meta property=\"og:title\" content=\"Human Resources - Sanli Aydinlatma En |\" \/>\n<meta property=\"og:description\" content=\"Human Resources Employees who have the competencies required by the company&#8217;s dynamism, are willing to learn and develop, are based on efficiency and display a system-oriented approach; to bring them to our company, to contribute to their personal and professional development and to enable them to use their potential in the most efficient way. MISSION [&hellip;]\" \/>\n<meta property=\"og:url\" content=\"https:\/\/sanliaydinlatma.com.tr\/en\/human-resources\/\" \/>\n<meta property=\"og:site_name\" content=\"Sanli Aydinlatma En |\" \/>\n<meta name=\"twitter:card\" content=\"summary_large_image\" \/>\n<meta name=\"twitter:label1\" content=\"Est. reading time\" \/>\n\t<meta name=\"twitter:data1\" content=\"1 minute\" \/>\n<script type=\"application\/ld+json\" class=\"yoast-schema-graph\">{\"@context\":\"https:\/\/schema.org\",\"@graph\":[{\"@type\":\"WebPage\",\"@id\":\"https:\/\/sanliaydinlatma.com.tr\/en\/human-resources\/\",\"url\":\"https:\/\/sanliaydinlatma.com.tr\/en\/human-resources\/\",\"name\":\"Human Resources - Sanli Aydinlatma En |\",\"isPartOf\":{\"@id\":\"https:\/\/sanliaydinlatma.com.tr\/en\/#website\"},\"datePublished\":\"2024-09-02T13:29:57+00:00\",\"breadcrumb\":{\"@id\":\"https:\/\/sanliaydinlatma.com.tr\/en\/human-resources\/#breadcrumb\"},\"inLanguage\":\"en-US\",\"potentialAction\":[{\"@type\":\"ReadAction\",\"target\":[\"https:\/\/sanliaydinlatma.com.tr\/en\/human-resources\/\"]}]},{\"@type\":\"BreadcrumbList\",\"@id\":\"https:\/\/sanliaydinlatma.com.tr\/en\/human-resources\/#breadcrumb\",\"itemListElement\":[{\"@type\":\"ListItem\",\"position\":1,\"name\":\"Anasayfa\",\"item\":\"https:\/\/sanliaydinlatma.com.tr\/en\/\"},{\"@type\":\"ListItem\",\"position\":2,\"name\":\"Human Resources\"}]},{\"@type\":\"WebSite\",\"@id\":\"https:\/\/sanliaydinlatma.com.tr\/en\/#website\",\"url\":\"https:\/\/sanliaydinlatma.com.tr\/en\/\",\"name\":\"Sanli Aydinlatma En |\",\"description\":\"Turkey&#039;s Leading Lighting Products Supplier\",\"publisher\":{\"@id\":\"https:\/\/sanliaydinlatma.com.tr\/en\/#organization\"},\"potentialAction\":[{\"@type\":\"SearchAction\",\"target\":{\"@type\":\"EntryPoint\",\"urlTemplate\":\"https:\/\/sanliaydinlatma.com.tr\/en\/?s={search_term_string}\"},\"query-input\":{\"@type\":\"PropertyValueSpecification\",\"valueRequired\":true,\"valueName\":\"search_term_string\"}}],\"inLanguage\":\"en-US\"},{\"@type\":\"Organization\",\"@id\":\"https:\/\/sanliaydinlatma.com.tr\/en\/#organization\",\"name\":\"Sanli Aydinlatma En |\",\"url\":\"https:\/\/sanliaydinlatma.com.tr\/en\/\",\"logo\":{\"@type\":\"ImageObject\",\"inLanguage\":\"en-US\",\"@id\":\"https:\/\/sanliaydinlatma.com.tr\/en\/#\/schema\/logo\/image\/\",\"url\":\"https:\/\/sanliaydinlatma.com.tr\/en\/wp-content\/uploads\/sites\/2\/2024\/09\/cropped-logo-yatay.jpg\",\"contentUrl\":\"https:\/\/sanliaydinlatma.com.tr\/en\/wp-content\/uploads\/sites\/2\/2024\/09\/cropped-logo-yatay.jpg\",\"width\":1000,\"height\":185,\"caption\":\"Sanli Aydinlatma En |\"},\"image\":{\"@id\":\"https:\/\/sanliaydinlatma.com.tr\/en\/#\/schema\/logo\/image\/\"}}]}<\/script>\n<!-- \/ Yoast SEO plugin. -->","yoast_head_json":{"title":"Human Resources - Sanli Aydinlatma En |","robots":{"index":"index","follow":"follow","max-snippet":"max-snippet:-1","max-image-preview":"max-image-preview:large","max-video-preview":"max-video-preview:-1"},"canonical":"https:\/\/sanliaydinlatma.com.tr\/en\/human-resources\/","og_locale":"en_US","og_type":"article","og_title":"Human Resources - Sanli Aydinlatma En |","og_description":"Human Resources Employees who have the competencies required by the company&#8217;s dynamism, are willing to learn and develop, are based on efficiency and display a system-oriented approach; to bring them to our company, to contribute to their personal and professional development and to enable them to use their potential in the most efficient way. MISSION [&hellip;]","og_url":"https:\/\/sanliaydinlatma.com.tr\/en\/human-resources\/","og_site_name":"Sanli Aydinlatma En |","twitter_card":"summary_large_image","twitter_misc":{"Est. reading time":"1 minute"},"schema":{"@context":"https:\/\/schema.org","@graph":[{"@type":"WebPage","@id":"https:\/\/sanliaydinlatma.com.tr\/en\/human-resources\/","url":"https:\/\/sanliaydinlatma.com.tr\/en\/human-resources\/","name":"Human Resources - Sanli Aydinlatma En |","isPartOf":{"@id":"https:\/\/sanliaydinlatma.com.tr\/en\/#website"},"datePublished":"2024-09-02T13:29:57+00:00","breadcrumb":{"@id":"https:\/\/sanliaydinlatma.com.tr\/en\/human-resources\/#breadcrumb"},"inLanguage":"en-US","potentialAction":[{"@type":"ReadAction","target":["https:\/\/sanliaydinlatma.com.tr\/en\/human-resources\/"]}]},{"@type":"BreadcrumbList","@id":"https:\/\/sanliaydinlatma.com.tr\/en\/human-resources\/#breadcrumb","itemListElement":[{"@type":"ListItem","position":1,"name":"Anasayfa","item":"https:\/\/sanliaydinlatma.com.tr\/en\/"},{"@type":"ListItem","position":2,"name":"Human Resources"}]},{"@type":"WebSite","@id":"https:\/\/sanliaydinlatma.com.tr\/en\/#website","url":"https:\/\/sanliaydinlatma.com.tr\/en\/","name":"Sanli Aydinlatma En |","description":"Turkey&#039;s Leading Lighting Products Supplier","publisher":{"@id":"https:\/\/sanliaydinlatma.com.tr\/en\/#organization"},"potentialAction":[{"@type":"SearchAction","target":{"@type":"EntryPoint","urlTemplate":"https:\/\/sanliaydinlatma.com.tr\/en\/?s={search_term_string}"},"query-input":{"@type":"PropertyValueSpecification","valueRequired":true,"valueName":"search_term_string"}}],"inLanguage":"en-US"},{"@type":"Organization","@id":"https:\/\/sanliaydinlatma.com.tr\/en\/#organization","name":"Sanli Aydinlatma En |","url":"https:\/\/sanliaydinlatma.com.tr\/en\/","logo":{"@type":"ImageObject","inLanguage":"en-US","@id":"https:\/\/sanliaydinlatma.com.tr\/en\/#\/schema\/logo\/image\/","url":"https:\/\/sanliaydinlatma.com.tr\/en\/wp-content\/uploads\/sites\/2\/2024\/09\/cropped-logo-yatay.jpg","contentUrl":"https:\/\/sanliaydinlatma.com.tr\/en\/wp-content\/uploads\/sites\/2\/2024\/09\/cropped-logo-yatay.jpg","width":1000,"height":185,"caption":"Sanli Aydinlatma En |"},"image":{"@id":"https:\/\/sanliaydinlatma.com.tr\/en\/#\/schema\/logo\/image\/"}}]}},"_links":{"self":[{"href":"https:\/\/sanliaydinlatma.com.tr\/en\/wp-json\/wp\/v2\/pages\/47"}],"collection":[{"href":"https:\/\/sanliaydinlatma.com.tr\/en\/wp-json\/wp\/v2\/pages"}],"about":[{"href":"https:\/\/sanliaydinlatma.com.tr\/en\/wp-json\/wp\/v2\/types\/page"}],"author":[{"embeddable":true,"href":"https:\/\/sanliaydinlatma.com.tr\/en\/wp-json\/wp\/v2\/users\/1"}],"replies":[{"embeddable":true,"href":"https:\/\/sanliaydinlatma.com.tr\/en\/wp-json\/wp\/v2\/comments?post=47"}],"version-history":[{"count":1,"href":"https:\/\/sanliaydinlatma.com.tr\/en\/wp-json\/wp\/v2\/pages\/47\/revisions"}],"predecessor-version":[{"id":48,"href":"https:\/\/sanliaydinlatma.com.tr\/en\/wp-json\/wp\/v2\/pages\/47\/revisions\/48"}],"wp:attachment":[{"href":"https:\/\/sanliaydinlatma.com.tr\/en\/wp-json\/wp\/v2\/media?parent=47"}],"curies":[{"name":"wp","href":"https:\/\/api.w.org\/{rel}","templated":true}]}}